{"id":17922,"date":"2025-08-28T17:26:12","date_gmt":"2025-08-28T17:26:12","guid":{"rendered":"https:\/\/topchoiceelectro.com\/?post_type=product&#038;p=17922"},"modified":"2025-08-28T17:28:37","modified_gmt":"2025-08-28T17:28:37","slug":"fontaine-a-eau-deska-avec-frigo-integre","status":"publish","type":"product","link":"https:\/\/topchoiceelectro.com\/index.php\/product\/fontaine-a-eau-deska-avec-frigo-integre\/","title":{"rendered":"Fontaine \u00e0 eau Deska avec frigo int\u00e9gr\u00e9"},"content":{"rendered":"<p><strong>Fontaine combin\u00e9e de frigo avec trois sorties eau fra\u00eeche eau ti\u00e8de et eau chaude pour caf\u00e9<\/strong><\/p>\n","protected":false},"excerpt":{"rendered":"<p>Fontaine combin\u00e9e de frigo avec trois sorties eau fra\u00eeche eau ti\u00e8de et eau chaude pour caf\u00e9<\/p>\n","protected":false},"featured_media":17924,"template":"","meta":[],"product_brand":[],"product_cat":[230],"product_tag":[],"class_list":{"0":"post-17922","1":"product","2":"type-product","3":"status-publish","4":"has-post-thumbnail","6":"product_cat-electro-menager","7":"electron_product_brands-deska","8":"nt-post-class","9":"","12":"excerpt-none","15":"first","16":"instock","17":"shipping-taxable","18":"purchasable","19":"product-type-simple"},"_links":{"self":[{"href":"https:\/\/topchoiceelectro.com\/index.php\/wp-json\/wp\/v2\/product\/17922","targetHints":{"allow":["GET"]}}],"collection":[{"href":"https:\/\/topchoiceelectro.com\/index.php\/wp-json\/wp\/v2\/product"}],"about":[{"href":"https:\/\/topchoiceelectro.com\/index.php\/wp-json\/wp\/v2\/types\/product"}],"version-history":[{"count":2,"href":"https:\/\/topchoiceelectro.com\/index.php\/wp-json\/wp\/v2\/product\/17922\/revisions"}],"predecessor-version":[{"id":17930,"href":"https:\/\/topchoiceelectro.com\/index.php\/wp-json\/wp\/v2\/product\/17922\/revisions\/17930"}],"wp:featuredmedia":[{"embeddable":true,"href":"https:\/\/topchoiceelectro.com\/index.php\/wp-json\/wp\/v2\/media\/17924"}],"wp:attachment":[{"href":"https:\/\/topchoiceelectro.com\/index.php\/wp-json\/wp\/v2\/media?parent=17922"}],"wp:term":[{"taxonomy":"product_brand","embeddable":true,"href":"https:\/\/topchoiceelectro.com\/index.php\/wp-json\/wp\/v2\/product_brand?post=17922"},{"taxonomy":"product_cat","embeddable":true,"href":"https:\/\/topchoiceelectro.com\/index.php\/wp-json\/wp\/v2\/product_cat?post=17922"},{"taxonomy":"product_tag","embeddable":true,"href":"https:\/\/topchoiceelectro.com\/index.php\/wp-json\/wp\/v2\/product_tag?post=17922"}],"curies":[{"name":"wp","href":"https:\/\/api.w.org\/{rel}","templated":true}]}}