{"id":17907,"date":"2025-06-30T19:51:24","date_gmt":"2025-06-30T19:51:24","guid":{"rendered":"https:\/\/topchoiceelectro.com\/?post_type=product&#038;p=17907"},"modified":"2025-06-30T19:51:24","modified_gmt":"2025-06-30T19:51:24","slug":"kaspersky-anti-virus-plus-licence-4-postes-1-an","status":"publish","type":"product","link":"https:\/\/topchoiceelectro.com\/index.php\/product\/kaspersky-anti-virus-plus-licence-4-postes-1-an\/","title":{"rendered":"Kaspersky Anti-Virus Plus &#8211; Licence 4 postes 1 an"},"content":{"rendered":"<p>Antivirus Internet Security &#8211; Licence 1 an 4 postes (fran\u00e7ais, Windows, MacOS, iOS, Android)<br \/>\nAntivirus en temps r\u00e9el<br \/>\nNavigation s\u00e9curis\u00e9e sur Internet<br \/>\nVirus Removal existant<br \/>\nAnti-phishing<br \/>\nD\u00e9tection de logiciels malveillants<br \/>\nOptimisation des performances<br \/>\nPare-feu bidirectionnel<br \/>\nProtection des paiements<br \/>\nAnti-banni\u00e8res et suppression des logiciels publicitaires<br \/>\nGestion des applications<br \/>\nNettoyage de l&#8217;espace de l&#8217;appareil<br \/>\nVPN illimit\u00e9 ultra-rapide<br \/>\nCompatible avec : Windows \/ macOS \/ Android \/ iOS<\/p>\n","protected":false},"excerpt":{"rendered":"<p>Antivirus Internet Security &#8211; Licence 1 an 4 postes (fran\u00e7ais, Windows, MacOS, iOS, Android) Antivirus en temps r\u00e9el Navigation s\u00e9curis\u00e9e sur Internet Virus Removal existant Anti-phishing D\u00e9tection de logiciels malveillants Optimisation des performances Pare-feu bidirectionnel Protection des paiements Anti-banni\u00e8res et suppression des logiciels publicitaires Gestion des applications Nettoyage de l&#8217;espace de l&#8217;appareil VPN illimit\u00e9 ultra-rapide&#8230;<\/p>\n","protected":false},"featured_media":17909,"template":"","meta":[],"product_brand":[],"product_cat":[239,238],"product_tag":[],"class_list":{"0":"post-17907","1":"product","2":"type-product","3":"status-publish","4":"has-post-thumbnail","6":"product_cat-antivirus","7":"product_cat-licences","8":"electron_product_brands-kaspersky","9":"nt-post-class","10":"","13":"excerpt-none","16":"first","17":"instock","18":"shipping-taxable","19":"product-type-simple"},"_links":{"self":[{"href":"https:\/\/topchoiceelectro.com\/index.php\/wp-json\/wp\/v2\/product\/17907","targetHints":{"allow":["GET"]}}],"collection":[{"href":"https:\/\/topchoiceelectro.com\/index.php\/wp-json\/wp\/v2\/product"}],"about":[{"href":"https:\/\/topchoiceelectro.com\/index.php\/wp-json\/wp\/v2\/types\/product"}],"version-history":[{"count":1,"href":"https:\/\/topchoiceelectro.com\/index.php\/wp-json\/wp\/v2\/product\/17907\/revisions"}],"predecessor-version":[{"id":17908,"href":"https:\/\/topchoiceelectro.com\/index.php\/wp-json\/wp\/v2\/product\/17907\/revisions\/17908"}],"wp:featuredmedia":[{"embeddable":true,"href":"https:\/\/topchoiceelectro.com\/index.php\/wp-json\/wp\/v2\/media\/17909"}],"wp:attachment":[{"href":"https:\/\/topchoiceelectro.com\/index.php\/wp-json\/wp\/v2\/media?parent=17907"}],"wp:term":[{"taxonomy":"product_brand","embeddable":true,"href":"https:\/\/topchoiceelectro.com\/index.php\/wp-json\/wp\/v2\/product_brand?post=17907"},{"taxonomy":"product_cat","embeddable":true,"href":"https:\/\/topchoiceelectro.com\/index.php\/wp-json\/wp\/v2\/product_cat?post=17907"},{"taxonomy":"product_tag","embeddable":true,"href":"https:\/\/topchoiceelectro.com\/index.php\/wp-json\/wp\/v2\/product_tag?post=17907"}],"curies":[{"name":"wp","href":"https:\/\/api.w.org\/{rel}","templated":true}]}}