{"id":17839,"date":"2025-06-10T11:11:12","date_gmt":"2025-06-10T11:11:12","guid":{"rendered":"https:\/\/topchoiceelectro.com\/?post_type=product&#038;p=17839"},"modified":"2025-06-10T11:11:12","modified_gmt":"2025-06-10T11:11:12","slug":"rode-rode-caster-pro-ii-studio","status":"publish","type":"product","link":"https:\/\/topchoiceelectro.com\/index.php\/product\/rode-rode-caster-pro-ii-studio\/","title":{"rendered":"RODE RODE Caster Pro II Studio"},"content":{"rendered":"<p>RODE RODE Caster Pro II Studio de production tout-en-un pour le podcasting, le streaming, la production musicale et la cr\u00e9ation de contenu audio int\u00e9gr\u00e9 avec entr\u00e9e XLR\/TRS<\/p>\n","protected":false},"excerpt":{"rendered":"<p>RODE RODE Caster Pro II Studio de production tout-en-un pour le podcasting, le streaming, la production musicale et la cr\u00e9ation de contenu audio int\u00e9gr\u00e9 avec entr\u00e9e XLR\/TRS<\/p>\n","protected":false},"featured_media":17840,"template":"","meta":[],"product_brand":[],"product_cat":[44,109],"product_tag":[],"class_list":{"0":"post-17839","1":"product","2":"type-product","3":"status-publish","4":"has-post-thumbnail","6":"product_cat-musique","7":"product_cat-appareils-de-sonorisation","8":"electron_product_brands-rode","9":"nt-post-class","10":"","13":"excerpt-none","16":"first","17":"instock","18":"shipping-taxable","19":"product-type-simple"},"_links":{"self":[{"href":"https:\/\/topchoiceelectro.com\/index.php\/wp-json\/wp\/v2\/product\/17839","targetHints":{"allow":["GET"]}}],"collection":[{"href":"https:\/\/topchoiceelectro.com\/index.php\/wp-json\/wp\/v2\/product"}],"about":[{"href":"https:\/\/topchoiceelectro.com\/index.php\/wp-json\/wp\/v2\/types\/product"}],"version-history":[{"count":2,"href":"https:\/\/topchoiceelectro.com\/index.php\/wp-json\/wp\/v2\/product\/17839\/revisions"}],"predecessor-version":[{"id":17906,"href":"https:\/\/topchoiceelectro.com\/index.php\/wp-json\/wp\/v2\/product\/17839\/revisions\/17906"}],"wp:featuredmedia":[{"embeddable":true,"href":"https:\/\/topchoiceelectro.com\/index.php\/wp-json\/wp\/v2\/media\/17840"}],"wp:attachment":[{"href":"https:\/\/topchoiceelectro.com\/index.php\/wp-json\/wp\/v2\/media?parent=17839"}],"wp:term":[{"taxonomy":"product_brand","embeddable":true,"href":"https:\/\/topchoiceelectro.com\/index.php\/wp-json\/wp\/v2\/product_brand?post=17839"},{"taxonomy":"product_cat","embeddable":true,"href":"https:\/\/topchoiceelectro.com\/index.php\/wp-json\/wp\/v2\/product_cat?post=17839"},{"taxonomy":"product_tag","embeddable":true,"href":"https:\/\/topchoiceelectro.com\/index.php\/wp-json\/wp\/v2\/product_tag?post=17839"}],"curies":[{"name":"wp","href":"https:\/\/api.w.org\/{rel}","templated":true}]}}