{"id":17799,"date":"2025-05-09T11:35:20","date_gmt":"2025-05-09T11:35:20","guid":{"rendered":"https:\/\/topchoiceelectro.com\/?post_type=product&#038;p=17799"},"modified":"2025-05-09T11:54:40","modified_gmt":"2025-05-09T11:54:40","slug":"console-microsoft-xbox","status":"publish","type":"product","link":"https:\/\/topchoiceelectro.com\/index.php\/product\/console-microsoft-xbox\/","title":{"rendered":"Console Microsoft Xbox"},"content":{"rendered":"<ul>\n<li>Processeur AMD Zen 2 et RDNA 2 pour des graphismes 4K.<\/li>\n<li>SSD de 1 To pour des chargements rapides.<\/li>\n<li>R\u00e9trocompatibilit\u00e9 avec Xbox One et Xbox 360.<\/li>\n<li>\u00c9clairages et ombres r\u00e9alistes avec le ray tracing.<\/li>\n<li>R\u00e9solution 4K pour une image nette.<\/li>\n<li>Design moderne et compact.<\/li>\n<li>Immersion spatiale audio.<\/li>\n<li>Acc\u00e8s \u00e0 Xbox Game Pass pour de nombreux jeux.<\/li>\n<\/ul>\n","protected":false},"excerpt":{"rendered":"<p>Processeur AMD Zen 2 et RDNA 2 pour des graphismes 4K. SSD de 1 To pour des chargements rapides. R\u00e9trocompatibilit\u00e9 avec Xbox One et Xbox 360. \u00c9clairages et ombres r\u00e9alistes avec le ray tracing. R\u00e9solution 4K pour une image nette. Design moderne et compact. Immersion spatiale audio. Acc\u00e8s \u00e0 Xbox Game Pass pour de nombreux&#8230;<\/p>\n","protected":false},"featured_media":17800,"template":"","meta":[],"product_brand":[],"product_cat":[226],"product_tag":[],"class_list":{"0":"post-17799","1":"product","2":"type-product","3":"status-publish","4":"has-post-thumbnail","6":"product_cat-jeux-videos","7":"electron_product_brands-microsoft","8":"nt-post-class","9":"","12":"excerpt-none","15":"first","16":"instock","17":"shipping-taxable","18":"product-type-simple"},"_links":{"self":[{"href":"https:\/\/topchoiceelectro.com\/index.php\/wp-json\/wp\/v2\/product\/17799","targetHints":{"allow":["GET"]}}],"collection":[{"href":"https:\/\/topchoiceelectro.com\/index.php\/wp-json\/wp\/v2\/product"}],"about":[{"href":"https:\/\/topchoiceelectro.com\/index.php\/wp-json\/wp\/v2\/types\/product"}],"version-history":[{"count":2,"href":"https:\/\/topchoiceelectro.com\/index.php\/wp-json\/wp\/v2\/product\/17799\/revisions"}],"predecessor-version":[{"id":17810,"href":"https:\/\/topchoiceelectro.com\/index.php\/wp-json\/wp\/v2\/product\/17799\/revisions\/17810"}],"wp:featuredmedia":[{"embeddable":true,"href":"https:\/\/topchoiceelectro.com\/index.php\/wp-json\/wp\/v2\/media\/17800"}],"wp:attachment":[{"href":"https:\/\/topchoiceelectro.com\/index.php\/wp-json\/wp\/v2\/media?parent=17799"}],"wp:term":[{"taxonomy":"product_brand","embeddable":true,"href":"https:\/\/topchoiceelectro.com\/index.php\/wp-json\/wp\/v2\/product_brand?post=17799"},{"taxonomy":"product_cat","embeddable":true,"href":"https:\/\/topchoiceelectro.com\/index.php\/wp-json\/wp\/v2\/product_cat?post=17799"},{"taxonomy":"product_tag","embeddable":true,"href":"https:\/\/topchoiceelectro.com\/index.php\/wp-json\/wp\/v2\/product_tag?post=17799"}],"curies":[{"name":"wp","href":"https:\/\/api.w.org\/{rel}","templated":true}]}}