{"id":17685,"date":"2025-05-07T20:02:16","date_gmt":"2025-05-07T20:02:16","guid":{"rendered":"https:\/\/topchoiceelectro.com\/?post_type=product&#038;p=17685"},"modified":"2025-05-07T20:16:17","modified_gmt":"2025-05-07T20:16:17","slug":"targus-laser","status":"publish","type":"product","link":"https:\/\/topchoiceelectro.com\/index.php\/product\/targus-laser\/","title":{"rendered":"Targus Laser"},"content":{"rendered":"<ul>\n<li>Pr\u00e9sentation (AMP13EU), un outil professionnel pour des pr\u00e9sentations impeccables.<\/li>\n<li>Technologie laser de haute pr\u00e9cision pour des pointages pr\u00e9cis.<\/li>\n<li>Port\u00e9e de pr\u00e9sentation sans fil allant jusqu\u2019\u00e0 X m\u00e8tres.<\/li>\n<li>Commandes intuitives pour passer facilement entre les diapositives.<\/li>\n<li>Bouton de mise en veille pour \u00e9conomiser la batterie.<\/li>\n<li>Design ergonomique pour une prise en main confortable.<\/li>\n<li>Compatible avec la plupart des logiciels de pr\u00e9sentation courants.<\/li>\n<li>Port USB plug-and-play pour une configuration rapide.<\/li>\n<li>Batterie longue dur\u00e9e pour des pr\u00e9sentations sans souci.<\/li>\n<li>\u00c9tui de transport inclus pour une protection et un transport faciles.<\/li>\n<\/ul>\n","protected":false},"excerpt":{"rendered":"<p>Pr\u00e9sentation (AMP13EU), un outil professionnel pour des pr\u00e9sentations impeccables. Technologie laser de haute pr\u00e9cision pour des pointages pr\u00e9cis. Port\u00e9e de pr\u00e9sentation sans fil allant jusqu\u2019\u00e0 X m\u00e8tres. Commandes intuitives pour passer facilement entre les diapositives. Bouton de mise en veille pour \u00e9conomiser la batterie. Design ergonomique pour une prise en main confortable. Compatible avec la&#8230;<\/p>\n","protected":false},"featured_media":17687,"template":"","meta":[],"product_brand":[],"product_cat":[164,30],"product_tag":[],"class_list":{"0":"post-17685","1":"product","2":"type-product","3":"status-publish","4":"has-post-thumbnail","6":"product_cat-accessoires-tv","7":"product_cat-accessoires","8":"electron_product_brands-targus","9":"nt-post-class","10":"","13":"excerpt-none","16":"first","17":"instock","18":"shipping-taxable","19":"product-type-simple"},"_links":{"self":[{"href":"https:\/\/topchoiceelectro.com\/index.php\/wp-json\/wp\/v2\/product\/17685","targetHints":{"allow":["GET"]}}],"collection":[{"href":"https:\/\/topchoiceelectro.com\/index.php\/wp-json\/wp\/v2\/product"}],"about":[{"href":"https:\/\/topchoiceelectro.com\/index.php\/wp-json\/wp\/v2\/types\/product"}],"version-history":[{"count":1,"href":"https:\/\/topchoiceelectro.com\/index.php\/wp-json\/wp\/v2\/product\/17685\/revisions"}],"predecessor-version":[{"id":17688,"href":"https:\/\/topchoiceelectro.com\/index.php\/wp-json\/wp\/v2\/product\/17685\/revisions\/17688"}],"wp:featuredmedia":[{"embeddable":true,"href":"https:\/\/topchoiceelectro.com\/index.php\/wp-json\/wp\/v2\/media\/17687"}],"wp:attachment":[{"href":"https:\/\/topchoiceelectro.com\/index.php\/wp-json\/wp\/v2\/media?parent=17685"}],"wp:term":[{"taxonomy":"product_brand","embeddable":true,"href":"https:\/\/topchoiceelectro.com\/index.php\/wp-json\/wp\/v2\/product_brand?post=17685"},{"taxonomy":"product_cat","embeddable":true,"href":"https:\/\/topchoiceelectro.com\/index.php\/wp-json\/wp\/v2\/product_cat?post=17685"},{"taxonomy":"product_tag","embeddable":true,"href":"https:\/\/topchoiceelectro.com\/index.php\/wp-json\/wp\/v2\/product_tag?post=17685"}],"curies":[{"name":"wp","href":"https:\/\/api.w.org\/{rel}","templated":true}]}}