{"id":17623,"date":"2025-05-02T19:59:00","date_gmt":"2025-05-02T19:59:00","guid":{"rendered":"https:\/\/topchoiceelectro.com\/?post_type=product&#038;p=17623"},"modified":"2025-05-02T19:59:01","modified_gmt":"2025-05-02T19:59:01","slug":"chromecast-de-google","status":"publish","type":"product","link":"https:\/\/topchoiceelectro.com\/index.php\/product\/chromecast-de-google\/","title":{"rendered":"Chromecast de Google"},"content":{"rendered":"<ul>\n<li>Chromecast de Google, une solution de streaming sans fil.<\/li>\n<li>Diffusion en streaming depuis votre appareil mobile ou ordinateur vers votre t\u00e9l\u00e9viseur.<\/li>\n<li>Prise en charge de la r\u00e9solution Full HD pour une qualit\u00e9 d\u2019image claire.<\/li>\n<li>Compatible avec une vari\u00e9t\u00e9 d\u2019applications de streaming populaires.<\/li>\n<li>Facilit\u00e9 d\u2019utilisation avec l\u2019application Google Home.<\/li>\n<li>Configuration rapide et simple via le port HDMI de votre t\u00e9l\u00e9viseur.<\/li>\n<li>Mises \u00e0 jour r\u00e9guli\u00e8res pour de nouvelles fonctionnalit\u00e9s.<\/li>\n<li>Fonctionne avec Android et iOS.<\/li>\n<li>Un moyen abordable d\u2019am\u00e9liorer les capacit\u00e9s de votre t\u00e9l\u00e9viseur.<\/li>\n<li>Petit et portable pour une utilisation en d\u00e9placement.<\/li>\n<\/ul>\n","protected":false},"excerpt":{"rendered":"<p>Chromecast de Google, une solution de streaming sans fil. Diffusion en streaming depuis votre appareil mobile ou ordinateur vers votre t\u00e9l\u00e9viseur. Prise en charge de la r\u00e9solution Full HD pour une qualit\u00e9 d\u2019image claire. Compatible avec une vari\u00e9t\u00e9 d\u2019applications de streaming populaires. Facilit\u00e9 d\u2019utilisation avec l\u2019application Google Home. Configuration rapide et simple via le port&#8230;<\/p>\n","protected":false},"featured_media":17624,"template":"","meta":[],"product_brand":[],"product_cat":[164,30],"product_tag":[],"class_list":{"0":"post-17623","1":"product","2":"type-product","3":"status-publish","4":"has-post-thumbnail","6":"product_cat-accessoires-tv","7":"product_cat-accessoires","8":"electron_product_brands-google","9":"nt-post-class","10":"","13":"excerpt-none","16":"first","17":"instock","18":"shipping-taxable","19":"product-type-simple"},"_links":{"self":[{"href":"https:\/\/topchoiceelectro.com\/index.php\/wp-json\/wp\/v2\/product\/17623","targetHints":{"allow":["GET"]}}],"collection":[{"href":"https:\/\/topchoiceelectro.com\/index.php\/wp-json\/wp\/v2\/product"}],"about":[{"href":"https:\/\/topchoiceelectro.com\/index.php\/wp-json\/wp\/v2\/types\/product"}],"version-history":[{"count":1,"href":"https:\/\/topchoiceelectro.com\/index.php\/wp-json\/wp\/v2\/product\/17623\/revisions"}],"predecessor-version":[{"id":17625,"href":"https:\/\/topchoiceelectro.com\/index.php\/wp-json\/wp\/v2\/product\/17623\/revisions\/17625"}],"wp:featuredmedia":[{"embeddable":true,"href":"https:\/\/topchoiceelectro.com\/index.php\/wp-json\/wp\/v2\/media\/17624"}],"wp:attachment":[{"href":"https:\/\/topchoiceelectro.com\/index.php\/wp-json\/wp\/v2\/media?parent=17623"}],"wp:term":[{"taxonomy":"product_brand","embeddable":true,"href":"https:\/\/topchoiceelectro.com\/index.php\/wp-json\/wp\/v2\/product_brand?post=17623"},{"taxonomy":"product_cat","embeddable":true,"href":"https:\/\/topchoiceelectro.com\/index.php\/wp-json\/wp\/v2\/product_cat?post=17623"},{"taxonomy":"product_tag","embeddable":true,"href":"https:\/\/topchoiceelectro.com\/index.php\/wp-json\/wp\/v2\/product_tag?post=17623"}],"curies":[{"name":"wp","href":"https:\/\/api.w.org\/{rel}","templated":true}]}}