{"id":17609,"date":"2025-05-02T19:38:52","date_gmt":"2025-05-02T19:38:52","guid":{"rendered":"https:\/\/topchoiceelectro.com\/?post_type=product&#038;p=17609"},"modified":"2025-05-09T10:15:26","modified_gmt":"2025-05-09T10:15:26","slug":"ecran-full-hd-led-27-pouces-m27s","status":"publish","type":"product","link":"https:\/\/topchoiceelectro.com\/index.php\/product\/ecran-full-hd-led-27-pouces-m27s\/","title":{"rendered":"Ecran HP Full HD LED 27 pouces M27s"},"content":{"rendered":"<p>L\u2019\u00e9cran Full HD LED 27 pouces M27f offre une qualit\u00e9 d\u2019affichage exceptionnelle avec une r\u00e9solution de 1920 x 1080 pixels. Ce moniteur de 27 pouces est parfait pour une exp\u00e9rience immersive que ce soit pour le travail ou les loisirs. Gr\u00e2ce \u00e0 sa technologie LED, vous b\u00e9n\u00e9ficiez de couleurs vives et d\u2019une luminosit\u00e9 \u00e9lev\u00e9e tout en \u00e9conomisant de l\u2019\u00e9nergie. Son design moderne avec des bords fins ajoute une touche \u00e9l\u00e9gante \u00e0 tout espace de travail ou de divertissement.<\/p>\n<p><strong>Fiche technique :<\/strong><\/p>\n<ul>\n<li><strong>Taille de l\u2019\u00e9cran :<\/strong>\u00a027 pouces<\/li>\n<li><strong>R\u00e9solution :<\/strong>\u00a0Full HD (1920 x 1080 pixels)<\/li>\n<li><strong>Type d\u2019\u00e9cran :<\/strong>\u00a0LED<\/li>\n<li><strong>Luminosit\u00e9 :<\/strong>\u00a0250 cd\/m\u00b2<\/li>\n<li><strong>Temps de r\u00e9ponse :<\/strong>\u00a05 ms<\/li>\n<li><strong>Connectivit\u00e9 :<\/strong>\u00a01x HDMI, 1x VGA<\/li>\n<li><strong>Concevoir\u00a0:<\/strong> Bords ailerons<\/li>\n<li><strong>Technologie anti-scintillement :<\/strong>\u00a0Oui<\/li>\n<li><strong>Technologie anti-lumi\u00e8re bleue :<\/strong>\u00a0Oui<\/li>\n<li><strong>Angle de vue :<\/strong>\u00a0178\u00b0 horizontal \/ 178\u00b0 vertical<\/li>\n<\/ul>\n<p>&nbsp;<\/p>\n","protected":false},"excerpt":{"rendered":"<p>L\u2019\u00e9cran Full HD LED 27 pouces M27f offre une qualit\u00e9 d\u2019affichage exceptionnelle avec une r\u00e9solution de 1920 x 1080 pixels. Ce moniteur de 27 pouces est parfait pour une exp\u00e9rience immersive que ce soit pour le travail ou les loisirs. Gr\u00e2ce \u00e0 sa technologie LED, vous b\u00e9n\u00e9ficiez de couleurs vives et d\u2019une luminosit\u00e9 \u00e9lev\u00e9e tout&#8230;<\/p>\n","protected":false},"featured_media":17611,"template":"","meta":[],"product_brand":[],"product_cat":[105],"product_tag":[],"class_list":{"0":"post-17609","1":"product","2":"type-product","3":"status-publish","4":"has-post-thumbnail","6":"product_cat-moniteurs","7":"electron_product_brands-hp","8":"nt-post-class","9":"","12":"excerpt-none","15":"first","16":"instock","17":"shipping-taxable","18":"product-type-simple"},"_links":{"self":[{"href":"https:\/\/topchoiceelectro.com\/index.php\/wp-json\/wp\/v2\/product\/17609","targetHints":{"allow":["GET"]}}],"collection":[{"href":"https:\/\/topchoiceelectro.com\/index.php\/wp-json\/wp\/v2\/product"}],"about":[{"href":"https:\/\/topchoiceelectro.com\/index.php\/wp-json\/wp\/v2\/types\/product"}],"version-history":[{"count":3,"href":"https:\/\/topchoiceelectro.com\/index.php\/wp-json\/wp\/v2\/product\/17609\/revisions"}],"predecessor-version":[{"id":17613,"href":"https:\/\/topchoiceelectro.com\/index.php\/wp-json\/wp\/v2\/product\/17609\/revisions\/17613"}],"wp:featuredmedia":[{"embeddable":true,"href":"https:\/\/topchoiceelectro.com\/index.php\/wp-json\/wp\/v2\/media\/17611"}],"wp:attachment":[{"href":"https:\/\/topchoiceelectro.com\/index.php\/wp-json\/wp\/v2\/media?parent=17609"}],"wp:term":[{"taxonomy":"product_brand","embeddable":true,"href":"https:\/\/topchoiceelectro.com\/index.php\/wp-json\/wp\/v2\/product_brand?post=17609"},{"taxonomy":"product_cat","embeddable":true,"href":"https:\/\/topchoiceelectro.com\/index.php\/wp-json\/wp\/v2\/product_cat?post=17609"},{"taxonomy":"product_tag","embeddable":true,"href":"https:\/\/topchoiceelectro.com\/index.php\/wp-json\/wp\/v2\/product_tag?post=17609"}],"curies":[{"name":"wp","href":"https:\/\/api.w.org\/{rel}","templated":true}]}}