{"id":17567,"date":"2025-05-01T18:55:32","date_gmt":"2025-05-01T18:55:32","guid":{"rendered":"https:\/\/topchoiceelectro.com\/?post_type=product&#038;p=17567"},"modified":"2025-05-09T10:15:45","modified_gmt":"2025-05-09T10:15:45","slug":"hp-probook-640-g8","status":"publish","type":"product","link":"https:\/\/topchoiceelectro.com\/index.php\/product\/hp-probook-640-g8\/","title":{"rendered":"HP ProBook 640 G8"},"content":{"rendered":"<ul>\n<li><strong>HP ProBook 640 G8<\/strong><\/li>\n<li><strong>Processeur (CPU) :<\/strong> Intel Core\u2122 i5-1145G7 11e VPro<\/li>\n<\/ul>\n<p><strong>Caract\u00e9ristiques principales<\/strong><\/p>\n<ul>\n<li><strong>Processeur :<\/strong> Intel Core i5-1135G7 (11e g\u00e9n\u00e9ration)<\/li>\n<li><strong>Carte graphique :<\/strong>\u00a0Intel Iris Xe Graphics int\u00e9gr\u00e9e<\/li>\n<li><strong>M\u00e9moire :<\/strong>\u00a08 Go DDR4 (extensible jusqu\u2019\u00e0 64 Go)<\/li>\n<li><strong>Stockage :<\/strong>\u00a0SSD PCIe NVMe de 256 Go ou 512 Go<\/li>\n<li><strong>\u00c9cran :<\/strong> 14&#8243; Full HD (1920 x 1080), antireflet, 400 nits<\/li>\n<li><strong>Syst\u00e8me :<\/strong>\u00a0Windows 10 Pro ou Windows 11 Pro<\/li>\n<li><strong>Connectivit\u00e9 :<\/strong>\u00a0Wi-Fi 6, Bluetooth 5.0<\/li>\n<li><strong>Ports :<\/strong>\u00a02x USB-A 3.2, 1x USB-C 3.2, HDMI 2.0, RJ-45<\/li>\n<li><strong>Poids :<\/strong>\u00a01,37 kg<\/li>\n<li><strong>Autonomie :<\/strong>\u00a0Jusqu\u2019\u00e0 12 heures (batterie lithium-ion 50 Wh)<\/li>\n<\/ul>\n<p><strong>S\u00e9curit\u00e9 :<\/strong>\u00a0TPM 2.0, lecteur d\u2019empreintes digitales, Webcam HD avec ThinkShutter.<\/p>\n<p>&nbsp;<\/p>\n","protected":false},"excerpt":{"rendered":"<p>HP ProBook 640 G8 Processeur (CPU) : Intel Core\u2122 i5-1145G7 11e VPro Caract\u00e9ristiques principales Processeur : Intel Core i5-1135G7 (11e g\u00e9n\u00e9ration) Carte graphique :\u00a0Intel Iris Xe Graphics int\u00e9gr\u00e9e M\u00e9moire :\u00a08 Go DDR4 (extensible jusqu\u2019\u00e0 64 Go) Stockage :\u00a0SSD PCIe NVMe de 256 Go ou 512 Go \u00c9cran : 14&#8243; Full HD (1920 x 1080), antireflet,&#8230;<\/p>\n","protected":false},"featured_media":17568,"template":"","meta":[],"product_brand":[],"product_cat":[232,101],"product_tag":[],"class_list":{"0":"post-17567","1":"product","2":"type-product","3":"status-publish","4":"has-post-thumbnail","6":"product_cat-informatique","7":"product_cat-ordinateurs","8":"electron_product_brands-hp","9":"nt-post-class","10":"","13":"excerpt-none","16":"first","17":"instock","18":"shipping-taxable","19":"product-type-simple"},"_links":{"self":[{"href":"https:\/\/topchoiceelectro.com\/index.php\/wp-json\/wp\/v2\/product\/17567","targetHints":{"allow":["GET"]}}],"collection":[{"href":"https:\/\/topchoiceelectro.com\/index.php\/wp-json\/wp\/v2\/product"}],"about":[{"href":"https:\/\/topchoiceelectro.com\/index.php\/wp-json\/wp\/v2\/types\/product"}],"version-history":[{"count":1,"href":"https:\/\/topchoiceelectro.com\/index.php\/wp-json\/wp\/v2\/product\/17567\/revisions"}],"predecessor-version":[{"id":17569,"href":"https:\/\/topchoiceelectro.com\/index.php\/wp-json\/wp\/v2\/product\/17567\/revisions\/17569"}],"wp:featuredmedia":[{"embeddable":true,"href":"https:\/\/topchoiceelectro.com\/index.php\/wp-json\/wp\/v2\/media\/17568"}],"wp:attachment":[{"href":"https:\/\/topchoiceelectro.com\/index.php\/wp-json\/wp\/v2\/media?parent=17567"}],"wp:term":[{"taxonomy":"product_brand","embeddable":true,"href":"https:\/\/topchoiceelectro.com\/index.php\/wp-json\/wp\/v2\/product_brand?post=17567"},{"taxonomy":"product_cat","embeddable":true,"href":"https:\/\/topchoiceelectro.com\/index.php\/wp-json\/wp\/v2\/product_cat?post=17567"},{"taxonomy":"product_tag","embeddable":true,"href":"https:\/\/topchoiceelectro.com\/index.php\/wp-json\/wp\/v2\/product_tag?post=17567"}],"curies":[{"name":"wp","href":"https:\/\/api.w.org\/{rel}","templated":true}]}}