{"id":17543,"date":"2025-05-01T18:40:14","date_gmt":"2025-05-01T18:40:14","guid":{"rendered":"https:\/\/topchoiceelectro.com\/?post_type=product&#038;p=17543"},"modified":"2025-05-01T18:40:15","modified_gmt":"2025-05-01T18:40:15","slug":"hp-elitebook-x360-830-g8","status":"publish","type":"product","link":"https:\/\/topchoiceelectro.com\/index.php\/product\/hp-elitebook-x360-830-g8\/","title":{"rendered":"HP EliteBook x360 830 G8"},"content":{"rendered":"<p>Le <strong>HP EliteBook x360 830 G8<\/strong> est un ordinateur portable convertible de haute performance, con\u00e7u pour les professionnels en qu\u00eate de flexibilit\u00e9 et de puissance. Avec son processeur Intel Core i7-1185G7 de 11e g\u00e9n\u00e9ration et ses 16 Go de RAM, il est pr\u00eat \u00e0 ex\u00e9cuter des t\u00e2ches lourdes avec rapidit\u00e9 et fluidit\u00e9.<\/p>\n<p><strong>Fiche technique :<\/strong><\/p>\n<ul>\n<li><strong>Processeur<\/strong> : Intel Core i7-1185G7 de 11e g\u00e9n\u00e9ration<\/li>\n<li><strong>M\u00e9moire<\/strong>\u00a0: 16 Go de RAM<\/li>\n<li><strong>Stockage<\/strong>\u00a0: SSD de 512 Go<\/li>\n<li><strong>Affichage<\/strong>\u00a0: \u00c9cran tactile de 13,3 pouces Full HD (1920 x 1080)<\/li>\n<li><strong>Syst\u00e8me d\u2019exploitation<\/strong>\u00a0: Windows 11<\/li>\n<li><strong>Fonctionnalit\u00e9s suppl\u00e9mentaires<\/strong>\u00a0: Convertible \u00e0 360\u00b0 pour une utilisation en mode tablette, connectivit\u00e9 Wi-Fi et Bluetooth<\/li>\n<\/ul>\n<p>&nbsp;<\/p>\n","protected":false},"excerpt":{"rendered":"<p>Le HP EliteBook x360 830 G8 est un ordinateur portable convertible de haute performance, con\u00e7u pour les professionnels en qu\u00eate de flexibilit\u00e9 et de puissance. Avec son processeur Intel Core i7-1185G7 de 11e g\u00e9n\u00e9ration et ses 16 Go de RAM, il est pr\u00eat \u00e0 ex\u00e9cuter des t\u00e2ches lourdes avec rapidit\u00e9 et fluidit\u00e9. Fiche technique :&#8230;<\/p>\n","protected":false},"featured_media":17544,"template":"","meta":[],"product_brand":[],"product_cat":[101],"product_tag":[],"class_list":{"0":"post-17543","1":"product","2":"type-product","3":"status-publish","4":"has-post-thumbnail","6":"product_cat-ordinateurs","7":"electron_product_brands-hp","8":"electron_product_brands-hp-elite-book","9":"electron_product_brands-hp-2","10":"nt-post-class","11":"","14":"excerpt-none","17":"first","18":"instock","19":"shipping-taxable","20":"product-type-simple"},"_links":{"self":[{"href":"https:\/\/topchoiceelectro.com\/index.php\/wp-json\/wp\/v2\/product\/17543","targetHints":{"allow":["GET"]}}],"collection":[{"href":"https:\/\/topchoiceelectro.com\/index.php\/wp-json\/wp\/v2\/product"}],"about":[{"href":"https:\/\/topchoiceelectro.com\/index.php\/wp-json\/wp\/v2\/types\/product"}],"version-history":[{"count":1,"href":"https:\/\/topchoiceelectro.com\/index.php\/wp-json\/wp\/v2\/product\/17543\/revisions"}],"predecessor-version":[{"id":17545,"href":"https:\/\/topchoiceelectro.com\/index.php\/wp-json\/wp\/v2\/product\/17543\/revisions\/17545"}],"wp:featuredmedia":[{"embeddable":true,"href":"https:\/\/topchoiceelectro.com\/index.php\/wp-json\/wp\/v2\/media\/17544"}],"wp:attachment":[{"href":"https:\/\/topchoiceelectro.com\/index.php\/wp-json\/wp\/v2\/media?parent=17543"}],"wp:term":[{"taxonomy":"product_brand","embeddable":true,"href":"https:\/\/topchoiceelectro.com\/index.php\/wp-json\/wp\/v2\/product_brand?post=17543"},{"taxonomy":"product_cat","embeddable":true,"href":"https:\/\/topchoiceelectro.com\/index.php\/wp-json\/wp\/v2\/product_cat?post=17543"},{"taxonomy":"product_tag","embeddable":true,"href":"https:\/\/topchoiceelectro.com\/index.php\/wp-json\/wp\/v2\/product_tag?post=17543"}],"curies":[{"name":"wp","href":"https:\/\/api.w.org\/{rel}","templated":true}]}}