{"id":17531,"date":"2025-05-01T18:29:50","date_gmt":"2025-05-01T18:29:50","guid":{"rendered":"https:\/\/topchoiceelectro.com\/?post_type=product&#038;p=17531"},"modified":"2025-05-01T18:29:51","modified_gmt":"2025-05-01T18:29:51","slug":"dji-avata-fly-smart-combo-et-du-fly-more-kit","status":"publish","type":"product","link":"https:\/\/topchoiceelectro.com\/index.php\/product\/dji-avata-fly-smart-combo-et-du-fly-more-kit\/","title":{"rendered":"DJI Avata Fly Smart Combo et du Fly More Kit."},"content":{"rendered":"<p><strong>POINTS FORTS :<\/strong><\/p>\n<ul>\n<li>Pack autonomie standard<\/li>\n<li>Vid\u00e9o 4K 60ips stabilis\u00e9e<\/li>\n<li>Trois batteries<\/li>\n<li>Casque DJI FPV V2<\/li>\n<\/ul>\n<p>studioSPORT vous propose le pack\u00a0<strong>Fly Smart Fly More Combo<\/strong>\u00a0se composant du\u00a0<strong>DJI Avata Fly Smart Combo et du Fly More Kit<\/strong>.<\/p>\n<p>Le drone FPV Avata est du type <strong>Cinewhoop 3 pouces<\/strong> pour un poids de 410 grammes, cela le rend pass\u00e9 partout que ce soit en vol ou pour le transport. Il dispose d\u2019un capteur CMOS de 1\/1.7 pouce avec un objectif ultra grand-angle et une ouverture f\/2.8 qui permettra <strong>d\u2019enregistrer en 4K jusqu\u2019\u00e0 60 images par seconde<\/strong>. RockSteady 2.0 et HorizonSteady vous permettront de r\u00e9aliser des images cin\u00e9matographique stabilis\u00e9es gr\u00e2ce \u00e0 la stabilisation num\u00e9rique.<\/p>\n<p>Disposez d\u2019un retour vid\u00e9o dans le <strong>casque DJI FPV V2 en 810p \u00e0 120ips<\/strong> maximum pour un taux de rafra\u00eechissement max. de 144Hz. Ce casque b\u00e9n\u00e9ficie de <strong>deux \u00e9crans OLED de 2 pouces<\/strong> pour une r\u00e9solution de 1440 x 810 par \u00e9cran. La stabilit\u00e9 et la r\u00e9activ\u00e9 ultra performante du retour vid\u00e9o est assur\u00e9e par le protocole de transmission vid\u00e9o <strong>DJI O3+<\/strong> et les antennes doubles 2T2R du drone.<\/p>\n<p>L\u2019Avata vous propose\u00a0<strong>diff\u00e9rentes s\u00e9curit\u00e9s<\/strong>\u00a0afin de convenir \u00e0 tout le monde, ainsi nous retrouvons\u00a0 la protection d\u2019h\u00e9lices, un syst\u00e8me de d\u00e9tection d\u2019obstacles vers le bas, le freinage d\u2019urgence et le RTH (Return To Home). Comme son grand fr\u00e8re, le DJI FPV, il dispose de<strong>\u00a0trois modes de pilotage<\/strong>\u00a0: le mode Manuel (uniquement compatible avec la radiocommande 2 DJI FPV) qui permet de voler sans assistance, le mode Normal (N) qui permet de voler avec toutes les assistances et ainsi se faire la main en toute tranquillit\u00e9, et pour finir le mode Sport (S) qui est un hybride des deux modes pr\u00e9c\u00e9dents.<\/p>\n<p>&nbsp;<\/p>\n","protected":false},"excerpt":{"rendered":"<p>POINTS FORTS : Pack autonomie standard Vid\u00e9o 4K 60ips stabilis\u00e9e Trois batteries Casque DJI FPV V2 studioSPORT vous propose le pack\u00a0Fly Smart Fly More Combo\u00a0se composant du\u00a0DJI Avata Fly Smart Combo et du Fly More Kit. Le drone FPV Avata est du type Cinewhoop 3 pouces pour un poids de 410 grammes, cela le rend&#8230;<\/p>\n","protected":false},"featured_media":17532,"template":"","meta":[],"product_brand":[],"product_cat":[211],"product_tag":[],"class_list":{"0":"post-17531","1":"product","2":"type-product","3":"status-publish","4":"has-post-thumbnail","6":"product_cat-drone","7":"electron_product_brands-dji-phantom","8":"nt-post-class","9":"","12":"excerpt-none","15":"first","16":"instock","17":"shipping-taxable","18":"product-type-simple"},"_links":{"self":[{"href":"https:\/\/topchoiceelectro.com\/index.php\/wp-json\/wp\/v2\/product\/17531","targetHints":{"allow":["GET"]}}],"collection":[{"href":"https:\/\/topchoiceelectro.com\/index.php\/wp-json\/wp\/v2\/product"}],"about":[{"href":"https:\/\/topchoiceelectro.com\/index.php\/wp-json\/wp\/v2\/types\/product"}],"version-history":[{"count":1,"href":"https:\/\/topchoiceelectro.com\/index.php\/wp-json\/wp\/v2\/product\/17531\/revisions"}],"predecessor-version":[{"id":17533,"href":"https:\/\/topchoiceelectro.com\/index.php\/wp-json\/wp\/v2\/product\/17531\/revisions\/17533"}],"wp:featuredmedia":[{"embeddable":true,"href":"https:\/\/topchoiceelectro.com\/index.php\/wp-json\/wp\/v2\/media\/17532"}],"wp:attachment":[{"href":"https:\/\/topchoiceelectro.com\/index.php\/wp-json\/wp\/v2\/media?parent=17531"}],"wp:term":[{"taxonomy":"product_brand","embeddable":true,"href":"https:\/\/topchoiceelectro.com\/index.php\/wp-json\/wp\/v2\/product_brand?post=17531"},{"taxonomy":"product_cat","embeddable":true,"href":"https:\/\/topchoiceelectro.com\/index.php\/wp-json\/wp\/v2\/product_cat?post=17531"},{"taxonomy":"product_tag","embeddable":true,"href":"https:\/\/topchoiceelectro.com\/index.php\/wp-json\/wp\/v2\/product_tag?post=17531"}],"curies":[{"name":"wp","href":"https:\/\/api.w.org\/{rel}","templated":true}]}}