{"id":17521,"date":"2025-05-01T18:23:21","date_gmt":"2025-05-01T18:23:21","guid":{"rendered":"https:\/\/topchoiceelectro.com\/?post_type=product&#038;p=17521"},"modified":"2025-05-01T18:23:22","modified_gmt":"2025-05-01T18:23:22","slug":"dji-flip-fly-more-combo","status":"publish","type":"product","link":"https:\/\/topchoiceelectro.com\/index.php\/product\/dji-flip-fly-more-combo\/","title":{"rendered":"DJI Flip Fly More Combo"},"content":{"rendered":"<p>Le DJI Flip Fly More Combo est con\u00e7u pour offrir une exp\u00e9rience de vol fluide et intuitive. Gr\u00e2ce \u00e0 sa cam\u00e9ra haute r\u00e9solution, il permet de capturer des vid\u00e9os et photos d\u2019une grande clart\u00e9. Son syst\u00e8me de stabilisation avanc\u00e9 assure des prises de vue fluides, m\u00eame en mouvement.<\/p>\n<p>Avec une autonomie optimis\u00e9e et une port\u00e9e de transmission am\u00e9lior\u00e9e, ce drone est parfait pour les prises de vue a\u00e9riennes en toute s\u00e9curit\u00e9. Son syst\u00e8me d\u2019\u00e9vitement des obstacles garantit une navigation s\u00e9curis\u00e9e, m\u00eame dans les environnements complexes.<\/p>\n<p>Le Fly More Combo inclut trois batteries intelligentes, un hub de charge, des h\u00e9lices suppl\u00e9mentaires et une sacoche de transport. La radiocommande DJI RC 2, avec son \u00e9cran int\u00e9gr\u00e9, offre un contr\u00f4le pr\u00e9cis et intuitif pour une exp\u00e9rience utilisateur optimale.<\/p>\n<p><strong>Caract\u00e9ristiques techniques<\/strong><\/p>\n<ul>\n<li>Cam\u00e9ra : Haute r\u00e9solution avec stabilisation avanc\u00e9e<\/li>\n<li>Autonomie : Longue dur\u00e9e avec batteries intelligentes<\/li>\n<li>Port\u00e9e de transmission : \u00c9tendue avec connexion stable<\/li>\n<li>Capteurs : Syst\u00e8me d\u2019\u00e9vitement des obstacles<\/li>\n<li>Modes de vol intelligents : Suivi automatique, trajectoires pr\u00e9programm\u00e9es<\/li>\n<li>Radiocommande : DJI RC 2 avec \u00e9cran int\u00e9gr\u00e9<\/li>\n<li>Accessoires inclus : 3 batteries, hub de charge, h\u00e9lices suppl\u00e9mentaires, sacoche de transport<\/li>\n<\/ul>\n","protected":false},"excerpt":{"rendered":"<p>Le DJI Flip Fly More Combo est con\u00e7u pour offrir une exp\u00e9rience de vol fluide et intuitive. Gr\u00e2ce \u00e0 sa cam\u00e9ra haute r\u00e9solution, il permet de capturer des vid\u00e9os et photos d\u2019une grande clart\u00e9. Son syst\u00e8me de stabilisation avanc\u00e9 assure des prises de vue fluides, m\u00eame en mouvement. Avec une autonomie optimis\u00e9e et une port\u00e9e&#8230;<\/p>\n","protected":false},"featured_media":17522,"template":"","meta":[],"product_brand":[],"product_cat":[211],"product_tag":[213],"class_list":{"0":"post-17521","1":"product","2":"type-product","3":"status-publish","4":"has-post-thumbnail","6":"product_cat-drone","7":"product_tag-drone","8":"electron_product_brands-dji-phantom","9":"nt-post-class","10":"","13":"excerpt-none","16":"first","17":"instock","18":"shipping-taxable","19":"product-type-simple"},"_links":{"self":[{"href":"https:\/\/topchoiceelectro.com\/index.php\/wp-json\/wp\/v2\/product\/17521","targetHints":{"allow":["GET"]}}],"collection":[{"href":"https:\/\/topchoiceelectro.com\/index.php\/wp-json\/wp\/v2\/product"}],"about":[{"href":"https:\/\/topchoiceelectro.com\/index.php\/wp-json\/wp\/v2\/types\/product"}],"version-history":[{"count":1,"href":"https:\/\/topchoiceelectro.com\/index.php\/wp-json\/wp\/v2\/product\/17521\/revisions"}],"predecessor-version":[{"id":17523,"href":"https:\/\/topchoiceelectro.com\/index.php\/wp-json\/wp\/v2\/product\/17521\/revisions\/17523"}],"wp:featuredmedia":[{"embeddable":true,"href":"https:\/\/topchoiceelectro.com\/index.php\/wp-json\/wp\/v2\/media\/17522"}],"wp:attachment":[{"href":"https:\/\/topchoiceelectro.com\/index.php\/wp-json\/wp\/v2\/media?parent=17521"}],"wp:term":[{"taxonomy":"product_brand","embeddable":true,"href":"https:\/\/topchoiceelectro.com\/index.php\/wp-json\/wp\/v2\/product_brand?post=17521"},{"taxonomy":"product_cat","embeddable":true,"href":"https:\/\/topchoiceelectro.com\/index.php\/wp-json\/wp\/v2\/product_cat?post=17521"},{"taxonomy":"product_tag","embeddable":true,"href":"https:\/\/topchoiceelectro.com\/index.php\/wp-json\/wp\/v2\/product_tag?post=17521"}],"curies":[{"name":"wp","href":"https:\/\/api.w.org\/{rel}","templated":true}]}}