{"id":17423,"date":"2025-04-26T12:54:30","date_gmt":"2025-04-26T12:54:30","guid":{"rendered":"https:\/\/topchoiceelectro.com\/?post_type=product&#038;p=17423"},"modified":"2025-05-09T10:20:35","modified_gmt":"2025-05-09T10:20:35","slug":"televiseur-astech-65-smart-google-tv-65gt3022r","status":"publish","type":"product","link":"https:\/\/topchoiceelectro.com\/index.php\/product\/televiseur-astech-65-smart-google-tv-65gt3022r\/","title":{"rendered":"TELEVISEUR ASTECH 65  SMART GOOGLE TV 65GT3022R"},"content":{"rendered":"<p>Marque\u00a0: ASTECH<\/p>\n<p>Cat\u00e9gorie : T\u00e9l\u00e9viseur Google TV Astech 55 pouces<\/p>\n<p>Syst\u00e8me Google TV\/Mod\u00e9le : 65GT3022R \/<\/p>\n<p>R\u00e9solution d\u2019\u00e9cran : full HD Syst\u00e8me Google TV avec deux t\u00e9l\u00e9commandes, 2 ports HDMI,2port USB( 2.0 et 3.0 ),un port RGI45 ,<\/p>\n<p>Dimensions Hauteur : 78cm, Largeur : 123cm, Diam\u00e8tre : 142cm<\/p>\n<p>Bluetooth ,Netflix, YouTube, Dolby, Prime Vid\u00e9os, Chrome cast \/Version 14 Android \/ Mise \u00e0 jour automatique \/ Stockage : 16 Go\/ 4K\/<\/p>\n","protected":false},"excerpt":{"rendered":"<p>Marque\u00a0: ASTECH Cat\u00e9gorie : T\u00e9l\u00e9viseur Google TV Astech 55 pouces Syst\u00e8me Google TV\/Mod\u00e9le : 65GT3022R \/ R\u00e9solution d\u2019\u00e9cran : full HD Syst\u00e8me Google TV avec deux t\u00e9l\u00e9commandes, 2 ports HDMI,2port USB( 2.0 et 3.0 ),un port RGI45 , Dimensions Hauteur : 78cm, Largeur : 123cm, Diam\u00e8tre : 142cm Bluetooth ,Netflix, YouTube, Dolby, Prime Vid\u00e9os, Chrome&#8230;<\/p>\n","protected":false},"featured_media":17424,"template":"","meta":[],"product_brand":[],"product_cat":[165],"product_tag":[],"class_list":{"0":"post-17423","1":"product","2":"type-product","3":"status-publish","4":"has-post-thumbnail","6":"product_cat-tvav","7":"electron_product_brands-astech","8":"nt-post-class","9":"","12":"excerpt-none","15":"first","16":"instock","17":"shipping-taxable","18":"product-type-simple"},"_links":{"self":[{"href":"https:\/\/topchoiceelectro.com\/index.php\/wp-json\/wp\/v2\/product\/17423","targetHints":{"allow":["GET"]}}],"collection":[{"href":"https:\/\/topchoiceelectro.com\/index.php\/wp-json\/wp\/v2\/product"}],"about":[{"href":"https:\/\/topchoiceelectro.com\/index.php\/wp-json\/wp\/v2\/types\/product"}],"version-history":[{"count":3,"href":"https:\/\/topchoiceelectro.com\/index.php\/wp-json\/wp\/v2\/product\/17423\/revisions"}],"predecessor-version":[{"id":17427,"href":"https:\/\/topchoiceelectro.com\/index.php\/wp-json\/wp\/v2\/product\/17423\/revisions\/17427"}],"wp:featuredmedia":[{"embeddable":true,"href":"https:\/\/topchoiceelectro.com\/index.php\/wp-json\/wp\/v2\/media\/17424"}],"wp:attachment":[{"href":"https:\/\/topchoiceelectro.com\/index.php\/wp-json\/wp\/v2\/media?parent=17423"}],"wp:term":[{"taxonomy":"product_brand","embeddable":true,"href":"https:\/\/topchoiceelectro.com\/index.php\/wp-json\/wp\/v2\/product_brand?post=17423"},{"taxonomy":"product_cat","embeddable":true,"href":"https:\/\/topchoiceelectro.com\/index.php\/wp-json\/wp\/v2\/product_cat?post=17423"},{"taxonomy":"product_tag","embeddable":true,"href":"https:\/\/topchoiceelectro.com\/index.php\/wp-json\/wp\/v2\/product_tag?post=17423"}],"curies":[{"name":"wp","href":"https:\/\/api.w.org\/{rel}","templated":true}]}}