{"id":17420,"date":"2025-04-26T12:52:28","date_gmt":"2025-04-26T12:52:28","guid":{"rendered":"https:\/\/topchoiceelectro.com\/?post_type=product&#038;p=17420"},"modified":"2025-04-26T12:52:29","modified_gmt":"2025-04-26T12:52:29","slug":"televiseur-astech-85-smart-android-qled-4k-85zl5010a","status":"publish","type":"product","link":"https:\/\/topchoiceelectro.com\/index.php\/product\/televiseur-astech-85-smart-android-qled-4k-85zl5010a\/","title":{"rendered":"TELEVISEUR ASTECH 85  SMART ANDROID QLED 4K 85ZL5010A"},"content":{"rendered":"<p>Le t\u00e9l\u00e9viseur ASTECH 85ZL5010A est un appareil haut de gamme offrant une exp\u00e9rience de visionnage ultime. Avec son \u00e9cran QLED de 85 pouce Marque : ASTECH Mod\u00e8le : 85ZL5010A Taille de l\u2019\u00e9cran : 85 pouces R\u00e9solution : 4K Technologie d\u2019affichage : QLED Syst\u00e8me d\u2019exploitation : Android Connectivit\u00e9 : HDMI, USB<\/p>\n","protected":false},"excerpt":{"rendered":"<p>Le t\u00e9l\u00e9viseur ASTECH 85ZL5010A est un appareil haut de gamme offrant une exp\u00e9rience de visionnage ultime. Avec son \u00e9cran QLED de 85 pouce Marque : ASTECH Mod\u00e8le : 85ZL5010A Taille de l\u2019\u00e9cran : 85 pouces R\u00e9solution : 4K Technologie d\u2019affichage : QLED Syst\u00e8me d\u2019exploitation : Android Connectivit\u00e9 : HDMI, USB<\/p>\n","protected":false},"featured_media":17421,"template":"","meta":[],"product_brand":[],"product_cat":[165],"product_tag":[],"class_list":{"0":"post-17420","1":"product","2":"type-product","3":"status-publish","4":"has-post-thumbnail","6":"product_cat-tvav","7":"electron_product_brands-astech","8":"nt-post-class","9":"","12":"excerpt-none","15":"first","16":"instock","17":"shipping-taxable","18":"product-type-simple"},"_links":{"self":[{"href":"https:\/\/topchoiceelectro.com\/index.php\/wp-json\/wp\/v2\/product\/17420","targetHints":{"allow":["GET"]}}],"collection":[{"href":"https:\/\/topchoiceelectro.com\/index.php\/wp-json\/wp\/v2\/product"}],"about":[{"href":"https:\/\/topchoiceelectro.com\/index.php\/wp-json\/wp\/v2\/types\/product"}],"version-history":[{"count":1,"href":"https:\/\/topchoiceelectro.com\/index.php\/wp-json\/wp\/v2\/product\/17420\/revisions"}],"predecessor-version":[{"id":17422,"href":"https:\/\/topchoiceelectro.com\/index.php\/wp-json\/wp\/v2\/product\/17420\/revisions\/17422"}],"wp:featuredmedia":[{"embeddable":true,"href":"https:\/\/topchoiceelectro.com\/index.php\/wp-json\/wp\/v2\/media\/17421"}],"wp:attachment":[{"href":"https:\/\/topchoiceelectro.com\/index.php\/wp-json\/wp\/v2\/media?parent=17420"}],"wp:term":[{"taxonomy":"product_brand","embeddable":true,"href":"https:\/\/topchoiceelectro.com\/index.php\/wp-json\/wp\/v2\/product_brand?post=17420"},{"taxonomy":"product_cat","embeddable":true,"href":"https:\/\/topchoiceelectro.com\/index.php\/wp-json\/wp\/v2\/product_cat?post=17420"},{"taxonomy":"product_tag","embeddable":true,"href":"https:\/\/topchoiceelectro.com\/index.php\/wp-json\/wp\/v2\/product_tag?post=17420"}],"curies":[{"name":"wp","href":"https:\/\/api.w.org\/{rel}","templated":true}]}}