{"id":17417,"date":"2025-04-26T12:50:19","date_gmt":"2025-04-26T12:50:19","guid":{"rendered":"https:\/\/topchoiceelectro.com\/?post_type=product&#038;p=17417"},"modified":"2025-04-26T12:50:19","modified_gmt":"2025-04-26T12:50:19","slug":"televiseur-astech-75-smart-google-tv-75gt3024d","status":"publish","type":"product","link":"https:\/\/topchoiceelectro.com\/index.php\/product\/televiseur-astech-75-smart-google-tv-75gt3024d\/","title":{"rendered":"TELEVISEUR ASTECH 75 SMART GOOGLE TV 75GT3024D"},"content":{"rendered":"<p>Le t\u00e9l\u00e9viseur Astech 75&#8243; Smart Android 2025 Google TV 75GT3024D offre une exp\u00e9rience visuelle immersive avec sa r\u00e9solution 4K Ultra HD. Dot\u00e9 de Google TV, . Blutooth ,Netflix, YouTube, Dolby, Prime Video, Chrome cast \/Version 14 Android \/ Mise \u00e0 jour automatique<\/p>\n","protected":false},"excerpt":{"rendered":"<p>Le t\u00e9l\u00e9viseur Astech 75&#8243; Smart Android 2025 Google TV 75GT3024D offre une exp\u00e9rience visuelle immersive avec sa r\u00e9solution 4K Ultra HD. Dot\u00e9 de Google TV, . Blutooth ,Netflix, YouTube, Dolby, Prime Video, Chrome cast \/Version 14 Android \/ Mise \u00e0 jour automatique<\/p>\n","protected":false},"featured_media":17418,"template":"","meta":[],"product_brand":[],"product_cat":[165],"product_tag":[],"class_list":{"0":"post-17417","1":"product","2":"type-product","3":"status-publish","4":"has-post-thumbnail","6":"product_cat-tvav","7":"electron_product_brands-astech","8":"nt-post-class","9":"","12":"excerpt-none","15":"first","16":"instock","17":"shipping-taxable","18":"product-type-simple"},"_links":{"self":[{"href":"https:\/\/topchoiceelectro.com\/index.php\/wp-json\/wp\/v2\/product\/17417","targetHints":{"allow":["GET"]}}],"collection":[{"href":"https:\/\/topchoiceelectro.com\/index.php\/wp-json\/wp\/v2\/product"}],"about":[{"href":"https:\/\/topchoiceelectro.com\/index.php\/wp-json\/wp\/v2\/types\/product"}],"version-history":[{"count":1,"href":"https:\/\/topchoiceelectro.com\/index.php\/wp-json\/wp\/v2\/product\/17417\/revisions"}],"predecessor-version":[{"id":17419,"href":"https:\/\/topchoiceelectro.com\/index.php\/wp-json\/wp\/v2\/product\/17417\/revisions\/17419"}],"wp:featuredmedia":[{"embeddable":true,"href":"https:\/\/topchoiceelectro.com\/index.php\/wp-json\/wp\/v2\/media\/17418"}],"wp:attachment":[{"href":"https:\/\/topchoiceelectro.com\/index.php\/wp-json\/wp\/v2\/media?parent=17417"}],"wp:term":[{"taxonomy":"product_brand","embeddable":true,"href":"https:\/\/topchoiceelectro.com\/index.php\/wp-json\/wp\/v2\/product_brand?post=17417"},{"taxonomy":"product_cat","embeddable":true,"href":"https:\/\/topchoiceelectro.com\/index.php\/wp-json\/wp\/v2\/product_cat?post=17417"},{"taxonomy":"product_tag","embeddable":true,"href":"https:\/\/topchoiceelectro.com\/index.php\/wp-json\/wp\/v2\/product_tag?post=17417"}],"curies":[{"name":"wp","href":"https:\/\/api.w.org\/{rel}","templated":true}]}}