{"id":17414,"date":"2025-04-26T12:47:57","date_gmt":"2025-04-26T12:47:57","guid":{"rendered":"https:\/\/topchoiceelectro.com\/?post_type=product&#038;p=17414"},"modified":"2025-04-26T12:47:58","modified_gmt":"2025-04-26T12:47:58","slug":"televiseur-lg-55-oled-smart-4k-oled55bxpva","status":"publish","type":"product","link":"https:\/\/topchoiceelectro.com\/index.php\/product\/televiseur-lg-55-oled-smart-4k-oled55bxpva\/","title":{"rendered":"TELEVISEUR LG 55 OLED SMART 4K OLED55BXPVA"},"content":{"rendered":"<p>T\u00e9l\u00e9viseur OLED avec pixels \u00e0 allumage automatique : noirs parfaits, couleurs intenses, contraste infini T\u00e9l\u00e9viseur 4K avec processeur \u03b17 de troisi\u00e8me g\u00e9n\u00e9ration et image et son AI Dolby VisionMC IQ et Dolby AtmosMD webOSMD + ThinQ AI avec t\u00e9l\u00e9commande Magic Jeu : Prise en charge de NVIDIAMD G SYNCMD<\/p>\n<p>&nbsp;<\/p>\n","protected":false},"excerpt":{"rendered":"<p>T\u00e9l\u00e9viseur OLED avec pixels \u00e0 allumage automatique : noirs parfaits, couleurs intenses, contraste infini T\u00e9l\u00e9viseur 4K avec processeur \u03b17 de troisi\u00e8me g\u00e9n\u00e9ration et image et son AI Dolby VisionMC IQ et Dolby AtmosMD webOSMD + ThinQ AI avec t\u00e9l\u00e9commande Magic Jeu : Prise en charge de NVIDIAMD G SYNCMD &nbsp;<\/p>\n","protected":false},"featured_media":17415,"template":"","meta":[],"product_brand":[],"product_cat":[165],"product_tag":[202,201,200],"class_list":{"0":"post-17414","1":"product","2":"type-product","3":"status-publish","4":"has-post-thumbnail","6":"product_cat-tvav","7":"product_tag-astech-topchoiceelctro","8":"product_tag-oled","9":"product_tag-tv","10":"electron_product_brands-astech","11":"nt-post-class","12":"","15":"excerpt-none","18":"first","19":"instock","20":"shipping-taxable","21":"product-type-simple"},"_links":{"self":[{"href":"https:\/\/topchoiceelectro.com\/index.php\/wp-json\/wp\/v2\/product\/17414","targetHints":{"allow":["GET"]}}],"collection":[{"href":"https:\/\/topchoiceelectro.com\/index.php\/wp-json\/wp\/v2\/product"}],"about":[{"href":"https:\/\/topchoiceelectro.com\/index.php\/wp-json\/wp\/v2\/types\/product"}],"version-history":[{"count":1,"href":"https:\/\/topchoiceelectro.com\/index.php\/wp-json\/wp\/v2\/product\/17414\/revisions"}],"predecessor-version":[{"id":17416,"href":"https:\/\/topchoiceelectro.com\/index.php\/wp-json\/wp\/v2\/product\/17414\/revisions\/17416"}],"wp:featuredmedia":[{"embeddable":true,"href":"https:\/\/topchoiceelectro.com\/index.php\/wp-json\/wp\/v2\/media\/17415"}],"wp:attachment":[{"href":"https:\/\/topchoiceelectro.com\/index.php\/wp-json\/wp\/v2\/media?parent=17414"}],"wp:term":[{"taxonomy":"product_brand","embeddable":true,"href":"https:\/\/topchoiceelectro.com\/index.php\/wp-json\/wp\/v2\/product_brand?post=17414"},{"taxonomy":"product_cat","embeddable":true,"href":"https:\/\/topchoiceelectro.com\/index.php\/wp-json\/wp\/v2\/product_cat?post=17414"},{"taxonomy":"product_tag","embeddable":true,"href":"https:\/\/topchoiceelectro.com\/index.php\/wp-json\/wp\/v2\/product_tag?post=17414"}],"curies":[{"name":"wp","href":"https:\/\/api.w.org\/{rel}","templated":true}]}}