{"id":17411,"date":"2025-04-26T12:44:06","date_gmt":"2025-04-26T12:44:06","guid":{"rendered":"https:\/\/topchoiceelectro.com\/?post_type=product&#038;p=17411"},"modified":"2025-04-26T12:44:06","modified_gmt":"2025-04-26T12:44:06","slug":"televiseur-astech-43-smart-google-tv-43gt3022a","status":"publish","type":"product","link":"https:\/\/topchoiceelectro.com\/index.php\/product\/televiseur-astech-43-smart-google-tv-43gt3022a\/","title":{"rendered":"TELEVISEUR ASTECH 43 SMART GOOGLE TV 43GT3022A"},"content":{"rendered":"<p>Marque\u00a0: ASTECH<\/p>\n<p>Cat\u00e9gorie\u00a0: T\u00e9l\u00e9viseur Google TV Astech 43 pouces Syst\u00e8me Google TV\/<\/p>\n<p>Mod\u00e8le : 43GT3022A<\/p>\n<p>R\u00e9solution d\u2019\u00e9cran : full HD<\/p>\n<p>Syst\u00e8me Google TV avec deux t\u00e9l\u00e9commandes, 2 ports HDMI,2port USB( 2.0 Blutooth ,Netflix, YouTube, Dolby, Prime Video, Chrome cast \/Version 14 Android \/ Mise \u00e0 jour automatique Stockage\u00a0: 16GB Dimensions Hauteur : 56cm<\/p>\n<p>&nbsp;<\/p>\n","protected":false},"excerpt":{"rendered":"<p>Marque\u00a0: ASTECH Cat\u00e9gorie\u00a0: T\u00e9l\u00e9viseur Google TV Astech 43 pouces Syst\u00e8me Google TV\/ Mod\u00e8le : 43GT3022A R\u00e9solution d\u2019\u00e9cran : full HD Syst\u00e8me Google TV avec deux t\u00e9l\u00e9commandes, 2 ports HDMI,2port USB( 2.0 Blutooth ,Netflix, YouTube, Dolby, Prime Video, Chrome cast \/Version 14 Android \/ Mise \u00e0 jour automatique Stockage\u00a0: 16GB Dimensions Hauteur : 56cm &nbsp;<\/p>\n","protected":false},"featured_media":17412,"template":"","meta":[],"product_brand":[],"product_cat":[165],"product_tag":[199],"class_list":{"0":"post-17411","1":"product","2":"type-product","3":"status-publish","4":"has-post-thumbnail","6":"product_cat-tvav","7":"product_tag-astech","8":"electron_product_brands-astech","9":"nt-post-class","10":"","13":"excerpt-none","16":"first","17":"instock","18":"shipping-taxable","19":"product-type-simple"},"_links":{"self":[{"href":"https:\/\/topchoiceelectro.com\/index.php\/wp-json\/wp\/v2\/product\/17411","targetHints":{"allow":["GET"]}}],"collection":[{"href":"https:\/\/topchoiceelectro.com\/index.php\/wp-json\/wp\/v2\/product"}],"about":[{"href":"https:\/\/topchoiceelectro.com\/index.php\/wp-json\/wp\/v2\/types\/product"}],"version-history":[{"count":1,"href":"https:\/\/topchoiceelectro.com\/index.php\/wp-json\/wp\/v2\/product\/17411\/revisions"}],"predecessor-version":[{"id":17413,"href":"https:\/\/topchoiceelectro.com\/index.php\/wp-json\/wp\/v2\/product\/17411\/revisions\/17413"}],"wp:featuredmedia":[{"embeddable":true,"href":"https:\/\/topchoiceelectro.com\/index.php\/wp-json\/wp\/v2\/media\/17412"}],"wp:attachment":[{"href":"https:\/\/topchoiceelectro.com\/index.php\/wp-json\/wp\/v2\/media?parent=17411"}],"wp:term":[{"taxonomy":"product_brand","embeddable":true,"href":"https:\/\/topchoiceelectro.com\/index.php\/wp-json\/wp\/v2\/product_brand?post=17411"},{"taxonomy":"product_cat","embeddable":true,"href":"https:\/\/topchoiceelectro.com\/index.php\/wp-json\/wp\/v2\/product_cat?post=17411"},{"taxonomy":"product_tag","embeddable":true,"href":"https:\/\/topchoiceelectro.com\/index.php\/wp-json\/wp\/v2\/product_tag?post=17411"}],"curies":[{"name":"wp","href":"https:\/\/api.w.org\/{rel}","templated":true}]}}