{"id":12817,"date":"2023-08-10T12:12:21","date_gmt":"2023-08-10T12:12:21","guid":{"rendered":"https:\/\/ninetheme.com\/themes\/electron2\/?post_type=product&#038;p=12817"},"modified":"2025-05-09T10:20:54","modified_gmt":"2025-05-09T10:20:54","slug":"xiaomi-redmi-pad-6-gb-ram-128-gb","status":"publish","type":"product","link":"https:\/\/topchoiceelectro.com\/index.php\/product\/xiaomi-redmi-pad-6-gb-ram-128-gb\/","title":{"rendered":"Xiaomi Redmi Pad 6GB"},"content":{"rendered":"<p><img fetchpriority=\"high\" decoding=\"async\" class=\"aligncenter size-full wp-image-10301\" src=\"https:\/\/ninetheme.com\/themes\/electron2\/wp-content\/uploads\/2023\/07\/product-banners-2.png\" alt=\"\" width=\"992\" height=\"446\" \/><\/p>\n<p><strong>Randonn\u00e9e, cours, plong\u00e9e. Il y a un groupe pour \u00e7a.<\/strong> Fabriquer la montre de sport ultime pour les athl\u00e8tes de toutes sortes a n\u00e9cessit\u00e9 une approche unique. C\u2019est pourquoi les bracelets sp\u00e9cialis\u00e9s pour les aventures en plein air, l\u2019entra\u00eenement d\u2019endurance et les sports nautiques sont aussi m\u00e9ticuleusement con\u00e7us que la montre elle-m\u00eame.<\/p>\n<p><img decoding=\"async\" class=\"aligncenter size-full wp-image-10302\" src=\"https:\/\/ninetheme.com\/themes\/electron2\/wp-content\/uploads\/2023\/07\/product-banners-3.png\" alt=\"\" width=\"992\" height=\"446\" \/><\/p>\n<p><strong>Autonomie de la batterie pendant des jours<\/strong>. Lorsque vous en \u00eates au deuxi\u00e8me jour d\u2019un voyage en sac \u00e0 dos, de la derni\u00e8re \u00e9tape d\u2019un triathlon ou de la plong\u00e9e le long d\u2019un r\u00e9cif corallien, la derni\u00e8re chose \u00e0 laquelle vous voulez penser est de tomber en panne de batterie. Avec une autonomie de batterie plus longue que jamais, vous pouvez prendre presque n\u2019importe quoi et avoir de l\u2019\u00e9nergie \u00e0 revendre.<\/p>\n<p><strong>Chaque chose \u00e0 sa place.<\/strong> Outil essentiel et polyvalent qui s\u2019adapte \u00e0 votre poignet, l\u2019Apple Watch Ultra offre des capacit\u00e9s incroyables dans un espace \u00e9tonnamment petit.<\/p>\n<p><img decoding=\"async\" class=\"aligncenter size-full wp-image-10300\" src=\"https:\/\/ninetheme.com\/themes\/electron2\/wp-content\/uploads\/2023\/07\/product-banners-1.png\" alt=\"\" width=\"992\" height=\"446\" \/><\/p>\n<p><strong>L\u2019union fait la force.<\/strong> Pour progresser en tant qu\u2019athl\u00e8te, il faut des donn\u00e9es et des informations pr\u00e9cises. L\u2019application Exercice fournit des mesures et des vues qui vous donnent toutes les informations dont vous n\u2019avez pas besoin pour \u00eatre au mieux de vos capacit\u00e9s. L\u2019\u00e9cran plus grand vous permet de voir jusqu\u2019\u00e0 six indicateurs \u00e0 la fois.<\/p>\n","protected":false},"excerpt":{"rendered":"<ul class=\"dot-list\">\n<li class=\"dot-list__item\"><span class=\"usp-text\">Acc\u00e9dez aux applications de t\u00e9l\u00e9vision intelligente sans votre PC ou ordinateur portable<\/span><\/li>\n<li class=\"dot-list__item\"><span class=\"usp-text\">Profitez d\u2019une exp\u00e9rience PC compl\u00e8te avec Wireless DeX et regardez des films sur grand \u00e9cran avec Tap View<\/span><\/li>\n<li class=\"dot-list__item\"><span class=\"usp-text\">Travaillez en toute transparence avec Microsoft 365 ou utilisez Remote PC pour travailler sur votre PC d\u2019\u00e9cole ou de bureau<\/span><\/li>\n<\/ul>\n","protected":false},"featured_media":12875,"template":"","meta":[],"product_brand":[],"product_cat":[110,233],"product_tag":[],"class_list":{"0":"post-12817","1":"product","2":"type-product","3":"status-publish","4":"has-post-thumbnail","6":"product_cat-tablettes","7":"product_cat-telephone-2","8":"electron_product_brands-xiaomi","9":"nt-post-class","10":"","16":"first","17":"instock","18":"product-type-external"},"_links":{"self":[{"href":"https:\/\/topchoiceelectro.com\/index.php\/wp-json\/wp\/v2\/product\/12817","targetHints":{"allow":["GET"]}}],"collection":[{"href":"https:\/\/topchoiceelectro.com\/index.php\/wp-json\/wp\/v2\/product"}],"about":[{"href":"https:\/\/topchoiceelectro.com\/index.php\/wp-json\/wp\/v2\/types\/product"}],"version-history":[{"count":3,"href":"https:\/\/topchoiceelectro.com\/index.php\/wp-json\/wp\/v2\/product\/12817\/revisions"}],"predecessor-version":[{"id":17393,"href":"https:\/\/topchoiceelectro.com\/index.php\/wp-json\/wp\/v2\/product\/12817\/revisions\/17393"}],"wp:featuredmedia":[{"embeddable":true,"href":"https:\/\/topchoiceelectro.com\/index.php\/wp-json\/wp\/v2\/media\/12875"}],"wp:attachment":[{"href":"https:\/\/topchoiceelectro.com\/index.php\/wp-json\/wp\/v2\/media?parent=12817"}],"wp:term":[{"taxonomy":"product_brand","embeddable":true,"href":"https:\/\/topchoiceelectro.com\/index.php\/wp-json\/wp\/v2\/product_brand?post=12817"},{"taxonomy":"product_cat","embeddable":true,"href":"https:\/\/topchoiceelectro.com\/index.php\/wp-json\/wp\/v2\/product_cat?post=12817"},{"taxonomy":"product_tag","embeddable":true,"href":"https:\/\/topchoiceelectro.com\/index.php\/wp-json\/wp\/v2\/product_tag?post=12817"}],"curies":[{"name":"wp","href":"https:\/\/api.w.org\/{rel}","templated":true}]}}